{"id":5546,"date":"2024-11-28T11:03:53","date_gmt":"2024-11-28T11:03:53","guid":{"rendered":"http:\/\/www.berrikilan.es\/canal-de-denuncias-antifraude\/"},"modified":"2024-11-28T11:04:36","modified_gmt":"2024-11-28T11:04:36","slug":"iruzurraren-aurkako-salaketen-kanalak","status":"publish","type":"page","link":"https:\/\/www.berrikilan.es\/eu\/iruzurraren-aurkako-salaketen-kanalak\/","title":{"rendered":"Iruzurraren aurkako salaketen kanalak"},"content":{"rendered":"<p><p>Postontzi honen bidez bidalitako salaketak indarrean dagoen legediaren, kodeen, politiken eta erakunde horren barruan egindako edozein jarduera irregular edo desegokiren aurkakoak izan behar dira.<\/p><h3 class='titulo_den'>Salaketa berria<\/h3><form method='POST' id='canal-denuncias' enctype='multipart\/form-data' action='\/eu\/wp-json\/wp\/v2\/pages\/5546'><div class='form-group'><label for='asunto'>Gaia<span class='required'>*<\/span><\/label><input id='asunto' class='form-control' type='text' name='asunto' value='' \/><\/div><div class='form-group'><p class='form-text text-muted'>Gertaerak ahalik eta zehatzen deskribatu behar dira, eta egiaztapena errazten duen edozein dokumentazio edo froga-elementu aurkeztu behar da. Informazio sentikorra ematea gomendatzen da, erantsitako fitxategi baten bidez.<\/p><label for='descripcion'>Deskribapena<span class='required'>*<\/span><\/label><textarea id='descripcion' class='form-control' name='descripcion'><\/textarea><\/div><div class='form-group'><label for='adjunto'>Erantsi fitxategia<\/label><input id='adjunto' class='form-control' type='file' name='adjunto' value='' \/><small>Onartutako fitxategi motak: jpeg, gif, png, tiff,webp eta pdf<\/small><\/div><hr><div class='h4'>Harremanetarako datuak<\/div><p>Konfidentzialtasun osoa gordeko da nortasunari dagokionez. Harremanetarako daturik ematen ez baduzu, uko egiten diozu jakinarazpena jasotzeko eskubideari.<\/p><div class='form-group'><label for='nombre'>Izen-abizenak<\/label><input id='nombre' class='form-control' type='text' name='nombre' value='' \/><\/div><div class='form-group'><label for='email'>E-mail<\/label><input id='email' class='form-control' type='text' name='email' value='' \/><\/div><div class='form-group'><input class='btn btn-default btn-denuncias' type='submit' name='enviar' value='Bidali' \/><\/div><table class='denuncias-lopd'><tbody><tr><th scope='row'>Erantzulea<\/th><td>Polideportivo Berriozar \/ Berrikilan<\/td><\/tr><tr><th scope='row'>Helburua<\/th><td><p>Gesti\u00f3n, tramitaci\u00f3n e investigaci\u00f3n de las comunicaciones que lleguen a trav\u00e9s del canal de denuncias.<\/p><p>Mantenimiento del libro registro con las informaciones recibidas y las investigaciones internas que hayan dado lugar, de conformidad con el art. 26 de la Ley 2\/2023.<\/p><\/td><\/tr><tr><th scope='row'>Legitimazioa<\/th><td><p>Tratamiento necesario para el cumplimiento de una obligaci\u00f3n legal aplicable al responsable de tratamiento (art. 6.1.c RGPD)<\/p><p>Ley 2\/2023, de 20 de febrero, reguladora de la protecci\u00f3n de las personas que informen sobre infracciones normativas y de lucha contra la corrupci\u00f3n.<\/p><\/td><\/tr><tr><th scope='row'>Eskubideak<\/th><td>Acceso, rectificaci\u00f3n, supresi\u00f3n y otros como se indica en la informaci\u00f3n ampliada.<\/td><\/tr><tr><th scope='row'>Informazio gehigarria<\/th><td>La informaci\u00f3n ampliada se puede consultar en el apartado de <a href=\"\/eu\/aviso-de-privacidad\">Protecci\u00f3n de datos de la web<\/a> o contactando con el delegado de protecci\u00f3n de datos (<a href=\"mailto:\"><\/a>)<\/td><\/tr><\/tbody><tfoot><tr><td colspan='2'>Datuen babesari buruzko oinarrizko informazioa<\/td><\/tfoot><\/table><input type='hidden' id='g-recaptcha-response' name='g-recaptcha-response'><input type='hidden' name='action' value='validate_captcha'><\/form><script src='https:\/\/www.google.com\/recaptcha\/api.js?render=6LfmtIwqAAAAAC_n-QiVT6J0vgK-0silU9iQFN0H'><\/script><script>grecaptcha.ready(function () {\n    document.querySelector('.btn.btn-default.btn-denuncias').addEventListener('click', function (e) {\n        e.preventDefault()\n\n        grecaptcha.execute('6LfmtIwqAAAAAC_n-QiVT6J0vgK-0silU9iQFN0H', {action: 'validate_captcha'})\n            .then(function (token) {\n                document.getElementById('g-recaptcha-response').value = token\n                document.getElementById('canal-denuncias').submit()\n            });\n    })\n})\n\t<\/script><br \/>\n<h3 id='buscador-denuncias' class='titulo_den'>Kontsultatu salaketa-egoera<\/h3><form method='GET' action='\/eu\/wp-json\/wp\/v2\/pages\/5546#buscador-denuncias'><p>Salaketa egin zenuenean posta elektroniko bat eman bazenuen, sar ezazu. Bestela, sar ezazu eman zitzaizun salaketa-zenbakia<\/p><div class='form-group'><label for='incidencia-email'>Salaketa-kodea \/ Posta elektronikoa:<\/label><input type='text' name='denuncia' id='incidencia-email' class='form-control' value='' \/><\/div><div class='form-group'><input type='submit' class='btn btn-default btn-denuncias' value='Bilatu' \/><\/div><\/form><\/p>\n","protected":false},"excerpt":{"rendered":"","protected":false},"author":1,"featured_media":0,"parent":0,"menu_order":0,"comment_status":"closed","ping_status":"closed","template":"","meta":{"_exactmetrics_skip_tracking":false,"_exactmetrics_sitenote_active":false,"_exactmetrics_sitenote_note":"","_exactmetrics_sitenote_category":0,"footnotes":""},"class_list":["post-5546","page","type-page","status-publish","hentry"],"_links":{"self":[{"href":"https:\/\/www.berrikilan.es\/eu\/wp-json\/wp\/v2\/pages\/5546","targetHints":{"allow":["GET"]}}],"collection":[{"href":"https:\/\/www.berrikilan.es\/eu\/wp-json\/wp\/v2\/pages"}],"about":[{"href":"https:\/\/www.berrikilan.es\/eu\/wp-json\/wp\/v2\/types\/page"}],"author":[{"embeddable":true,"href":"https:\/\/www.berrikilan.es\/eu\/wp-json\/wp\/v2\/users\/1"}],"replies":[{"embeddable":true,"href":"https:\/\/www.berrikilan.es\/eu\/wp-json\/wp\/v2\/comments?post=5546"}],"version-history":[{"count":1,"href":"https:\/\/www.berrikilan.es\/eu\/wp-json\/wp\/v2\/pages\/5546\/revisions"}],"predecessor-version":[{"id":5547,"href":"https:\/\/www.berrikilan.es\/eu\/wp-json\/wp\/v2\/pages\/5546\/revisions\/5547"}],"wp:attachment":[{"href":"https:\/\/www.berrikilan.es\/eu\/wp-json\/wp\/v2\/media?parent=5546"}],"curies":[{"name":"wp","href":"https:\/\/api.w.org\/{rel}","templated":true}]}}